{"id":376,"date":"2026-02-23T05:15:24","date_gmt":"2026-02-23T05:15:24","guid":{"rendered":"https:\/\/tourism.dinarholdinggroup.com\/contact\/"},"modified":"2026-04-08T22:38:01","modified_gmt":"2026-04-08T22:38:01","slug":"contact-dinar-travel-and-tourism","status":"publish","type":"page","link":"https:\/\/tourism.dinarholdinggroup.com\/tr\/contact-dinar-travel-and-tourism\/","title":{"rendered":"\u0130leti\u015fim"},"content":{"rendered":"<div data-spectra-id=\"spectra-ad7c450b-5be9-4903-a5a5-5420dfa89d92\"\tstyle=\"overflow: visible; --spectra-background-color: var(--ast-global-color-2); --spectra-overlay-opacity: 0.56;\" class=\"spectra-is-root-container alignfull spectra-overlay-color spectra-overflow spectra-background-color spectra-dim-ratio wp-block-spectra-container\" data-orientation=\"vertical\"\t>\n\t\n\t<h1 data-spectra-id=\"spectra-06fd0b66-f51f-42b5-b2f9-5facef829142\" style=\"--spectra-text-color: ast-global-color-5\" class=\"has-text-color spectra-text-color wp-block-spectra-content has-text-color has-ast-global-color-5-color\">\n\t\tContact Us\t<\/h1>\n\n\n\t<p data-spectra-id=\"spectra-35085a18-a5bc-4712-aaec-b23c99df5651\" style=\"--spectra-text-color: ast-global-color-5\" class=\"has-text-color spectra-text-color wp-block-spectra-content has-text-color has-ast-global-color-5-color\">\n\t\tDinar Tourism\u2026 Where your journey begins with trust and professionalism.\t<\/p>\n\n<\/div>\n\n\n<div data-spectra-id=\"spectra-a4450c29-95b9-4e38-805f-8fe6051edd0c\"\tstyle=\"overflow: visible; --spectra-background-color: var(--ast-global-color-4); --spectra-overlay-opacity: 1;\" class=\"spectra-is-root-container alignfull spectra-overlay-color spectra-overflow spectra-background-color spectra-dim-ratio wp-block-spectra-container\" data-orientation=\"vertical\"\t>\n\t\n<div data-spectra-id=\"spectra-559df5d4-d2a9-4279-b4ee-857371432925\" style=\"overflow: visible\" class=\"spectra-overlay-color spectra-overflow wp-block-spectra-container\" data-orientation=\"vertical\">\n\t\n\t<p data-spectra-id=\"spectra-ee158632-bfa7-4610-bff0-8f7cecbefa51\" style=\"--spectra-text-color: var(--ast-global-color-2)\" class=\"has-text-color spectra-text-color wp-block-spectra-content has-text-color has-var-ast-global-color-2-color\">\n\t\tOur Location\t<\/p>\n\n\n\t<h2 data-spectra-id=\"spectra-7967479a-553e-48cd-adad-4157a996be44\" style=\"--spectra-text-color: ast-global-color-2\" class=\"has-text-color has-link-color spectra-text-color  wp-elements-742c28d79c44d3a91195984507dcc167 wp-block-spectra-content has-text-color has-ast-global-color-2-color\">\n\t\t\u015eehit Muhtar, Tarlaba\u015f\u0131 Blv no 150, Beyo\u011flu \t<\/h2>\n\n\n\t<p data-spectra-id=\"spectra-77e0421e-0449-45cb-994a-afeca64ff5fe\" class=\"wp-block-spectra-content\">\n\t\tWelcome to the presence of excellence in travel services. At <strong>Dinar Tourism<\/strong>, our location represents more than just an address \u2014 it is a gateway to premium hospitality, professional service, and personalized travel planning.\t<\/p>\n\n\n<div data-spectra-id=\"spectra-dd3e4a8b-a215-4a34-8f86-cd11df3f1d22\" class=\"wp-block-button spectra-buttons wp-block-spectra-buttons\">\n\t\n<a data-spectra-id=\"spectra-383db060-ae95-463d-a86d-3060c7c9732d\" href=\"https:\/\/tourism.dinarholdinggroup.com\/form\/contact-form-1\/\" target=\"_self\" aria-label=\"Book A Table Now\" style=\"--spectra-text-color: var(--ast-global-color-2);--spectra-text-color-hover: var(--ast-global-color-5);--spectra-background-color: transparent;--spectra-background-color-hover: var(--ast-global-color-2)\" class=\"wp-block-button__link wp-element-button spectra-text-color spectra-text-color-hover spectra-background-color spectra-background-color-hover wp-block-spectra-button has-text-color has-var-ast-global-color-2-color has-background has-transparent-background-color\">\n<div class=\"spectra-button__link\">Book A Table Now<\/div><\/a>\n\n<\/div>\n\n<\/div>\n\n\n\t<p data-spectra-id=\"spectra-02856a22-0f5c-471d-8854-a45e636d1862\" style=\"--spectra-text-color: ast-global-color-2\" class=\"has-text-color has-link-color spectra-text-color wp-elements-0d1f6d0965b1126735ea18dc65a32cb6 wp-block-spectra-content has-text-color has-ast-global-color-2-color\">\n\t\t<strong>Telephone Reservations<\/strong>\t<\/p>\n\n\n\t<h6 data-spectra-id=\"spectra-d6e720f7-3246-43e7-90b5-bb4cdbef9381\" style=\"--spectra-text-color: ast-global-color-2\" class=\"has-text-color has-link-color spectra-text-color wp-elements-45a8bb1b81283702a7860844ce0c16b4 wp-block-spectra-content has-text-color has-ast-global-color-2-color\">\n\t\t+9054 9671 6660\t<\/h6>\n\n\n\t<p data-spectra-id=\"spectra-c0361125-870c-4434-90cf-f61a21ca48e2\" class=\"wp-block-spectra-content\">\n\t\ta.mahran@tourism.dinarholdinggroup.com\t<\/p>\n\n<\/div>\n\n\n<div data-spectra-id=\"spectra-adc6dbce-132a-4832-adb1-50173ab93335\"\tstyle=\"overflow: visible; --spectra-background-color: var(--ast-global-color-4); --spectra-overlay-opacity: 1;\" class=\"spectra-is-root-container alignfull spectra-overlay-color spectra-overflow spectra-background-color spectra-dim-ratio wp-block-spectra-container\" data-orientation=\"vertical\"\t>\n\t\n<div class=\"wp-block-image alignright uag-hide-mob\">\n<figure data-spectra-id=\"8327df96\" class=\"size-medium is-resized has-z-index\"><a href=\"https:\/\/dinarholdinggroup.com\"><img loading=\"lazy\" decoding=\"async\" width=\"212\" height=\"300\" src=\"https:\/\/tourism.dinarholdinggroup.com\/wp-content\/uploads\/2026\/02\/pexels-photo-18897894-18897894-212x300.jpg\" alt=\"Elegant Ottoman building in Ankara, T\u00fcrkiye, showcasing historical architecture.\" class=\"wp-image-3790\" title=\"Contact\" srcset=\"https:\/\/tourism.dinarholdinggroup.com\/wp-content\/uploads\/2026\/02\/pexels-photo-18897894-18897894-212x300.jpg 212w, https:\/\/tourism.dinarholdinggroup.com\/wp-content\/uploads\/2026\/02\/pexels-photo-18897894-18897894-723x1024.jpg 723w, https:\/\/tourism.dinarholdinggroup.com\/wp-content\/uploads\/2026\/02\/pexels-photo-18897894-18897894-768x1088.jpg 768w, https:\/\/tourism.dinarholdinggroup.com\/wp-content\/uploads\/2026\/02\/pexels-photo-18897894-18897894-1085x1536.jpg 1085w, https:\/\/tourism.dinarholdinggroup.com\/wp-content\/uploads\/2026\/02\/pexels-photo-18897894-18897894-1446x2048.jpg 1446w, https:\/\/tourism.dinarholdinggroup.com\/wp-content\/uploads\/2026\/02\/pexels-photo-18897894-18897894-scaled.jpg 1808w\" sizes=\"(max-width: 212px) 100vw, 212px\" \/><\/a><\/figure>\n<\/div>\n<\/div>\n\n\n<div data-spectra-id=\"spectra-9685dd7b-3f2a-4172-956c-fc3936c7d697\"\tstyle=\"overflow: visible; --spectra-background-color: var(--ast-global-color-4); --spectra-overlay-opacity: 1;\" class=\"spectra-is-root-container alignfull spectra-overlay-color spectra-overflow spectra-background-color spectra-dim-ratio wp-block-spectra-container\" data-orientation=\"vertical\"\t>\n\t\n<div data-spectra-id=\"spectra-fa5b41ef-886b-494d-b152-2555aa30363b\" class=\"spectra-google-map wp-block-spectra-google-map\">\n\t<embed class=\"spectra-google-map__iframe\" title=\"Google Map for \u015eehit Muhtar, Tarlaba\u015f\u0131 Blv no 150, 34435 Beyo\u011flu\/\u0625\u0633\u0637\u0646\u0628\u0648\u0644\u060c \u062a\u0631\u0643\u064a\u0627\" src=\"https:\/\/maps.google.com\/maps?q=%C5%9Eehit+Muhtar%2C+Tarlaba%C5%9F%C4%B1+Blv+no+150%2C+34435+Beyo%C4%9Flu%2F%D8%A5%D8%B3%D8%B7%D9%86%D8%A8%D9%88%D9%84%D8%8C+%D8%AA%D8%B1%D9%83%D9%8A%D8%A7&#038;z=16&#038;hl=en&#038;t=m&#038;output=embed&#038;iwloc=near\" width=\"100%\" height=\"100%\" style=\"border: 0\" allowfullscreen=\"\" loading=\"lazy\" referrerpolicy=\"no-referrer-when-downgrade\"><\/embed>\n<\/div>\n\n<\/div>\n\n\n<div class=\"everest-forms\"><div class=\"evf-container default\" id=\"evf-4038\"><form id=\"evf-form-4038\" class=\"everest-form\" data-formid=\"4038\" data-ajax_submission=\"0\" data-keyboard_friendly_form=\"0\" data-form_state_type=\"\" method=\"post\" enctype=\"multipart\/form-data\" action=\"\/tr\/wp-json\/wp\/v2\/pages\/376\"><div class=\"evf-field-container\"><input type=\"hidden\" id=\"_wpnonce4038\" name=\"_wpnonce4038\" value=\"0b9fefc20a\" \/><input type=\"hidden\" name=\"_wp_http_referer\" value=\"\/tr\/wp-json\/wp\/v2\/pages\/376\" \/><div class=\"evf-frontend-row\" data-row=\"row_1\" conditional_rules=\"[]\"><div class=\"evf-frontend-grid evf-grid-1\" data-grid=\"grid_1\"><div id=\"evf-4038-field_fullname-container\" class=\"evf-field evf-field-text form-row validate-required\" data-required-field-message=\"This field is required.\" data-field-id=\"fullname\"><label class=\"evf-field-label\" for=\"evf-4038-field_fullname\"><span class=\"evf-label\">Name<\/span> <abbr class=\"required\" title=\"Required\">*<\/abbr><\/label><input type=\"text\" id=\"evf-4038-field_fullname\" class=\"input-text\" name=\"everest_forms[form_fields][fullname]\" required><\/div><div id=\"evf-4038-field_email-container\" class=\"evf-field evf-field-email form-row validate-required validate-email\" data-required-field-message=\"Please enter a valid email address.\" data-field-id=\"email\"><label class=\"evf-field-label\" for=\"evf-4038-field_email\"><span class=\"evf-label\">Email<\/span> <abbr class=\"required\" title=\"Required\">*<\/abbr><\/label><input type=\"email\" id=\"evf-4038-field_email\" class=\"input-text\" name=\"everest_forms[form_fields][email]\" required ><\/div><div id=\"evf-4038-field_subject-container\" class=\"evf-field evf-field-text form-row validate-required\" data-required-field-message=\"This field is required.\" data-field-id=\"subject\"><label class=\"evf-field-label\" for=\"evf-4038-field_subject\"><span class=\"evf-label\">Subject<\/span> <abbr class=\"required\" title=\"Required\">*<\/abbr><\/label><input type=\"text\" id=\"evf-4038-field_subject\" class=\"input-text\" name=\"everest_forms[form_fields][subject]\" required><\/div><div id=\"evf-4038-field_message-container\" class=\"evf-field evf-field-textarea form-row\" data-field-id=\"message\"><label class=\"evf-field-label\" for=\"evf-4038-field_message\"><span class=\"evf-label\">Message<\/span> <\/label><textarea id=\"evf-4038-field_message\" class=\"input-text\" name=\"everest_forms[form_fields][message]\"  ><\/textarea><\/div><\/div><\/div><\/div><div class=\"evf-honeypot-container evf-field-hp\"><label for=\"evf-4038-field-hp\" class=\"evf-field-label\">Phone<\/label><input type=\"text\" name=\"everest_forms[hp]\" id=\"evf-4038-field-hp\" class=\"input-text\"><\/div><div class=\"evf-submit-container \" ><input type=\"hidden\" name=\"everest_forms[id]\" value=\"4038\"><input type=\"hidden\" name=\"everest_forms[author]\" value=\"1\"><button type='submit' name='everest_forms[submit]' class='everest-forms-submit-button button evf-submit ' id='evf-submit-4038' value='evf-submit' data-process-text=\"Processing&hellip;\" conditional_rules='&quot;&quot;' conditional_id='evf-submit-4038'  id=\"evf-submit-4038\" aria-live=\"assertive\">Submit<\/button><\/div><\/form><\/div><!-- .evf-container --><\/div>","protected":false},"excerpt":{"rendered":"","protected":false},"author":1,"featured_media":0,"parent":0,"menu_order":0,"comment_status":"closed","ping_status":"closed","template":"","meta":{"saved_in_kubio":true,"_uag_custom_page_level_css":"","_monsterinsights_skip_tracking":false,"_monsterinsights_sitenote_active":false,"_monsterinsights_sitenote_note":"","_monsterinsights_sitenote_category":0,"_uf_show_specific_survey":0,"_uf_disable_surveys":false,"_joinchat":[],"footnotes":""},"class_list":["post-376","page","type-page","status-publish","hentry"],"aioseo_notices":[],"kubio_ai_page_context":{"short_desc":"","purpose":"general"},"yoast_head":"<!-- This site is optimized with the Yoast SEO plugin v27.0 - https:\/\/yoast.com\/product\/yoast-seo-wordpress\/ -->\n<title>Contact Dinar Tourism realize the importance of tourist trips, so we<\/title>\n<meta name=\"description\" content=\"at Dinar Tourism, you can have all the arrangements for your trip taking into account the smallest details in booking the most beautiful hote\" \/>\n<meta name=\"robots\" content=\"index, follow, max-snippet:-1, max-image-preview:large, max-video-preview:-1\" \/>\n<link rel=\"canonical\" href=\"https:\/\/tourism.dinarholdinggroup.com\/tr\/contact-dinar-travel-and-tourism\/\" \/>\n<meta property=\"og:locale\" content=\"tr_TR\" \/>\n<meta property=\"og:type\" content=\"article\" \/>\n<meta property=\"og:title\" content=\"Contact Dinar Tourism realize the importance of tourist trips, so we\" \/>\n<meta property=\"og:description\" content=\"at Dinar Tourism, you can have all the arrangements for your trip taking into account the smallest details in booking the most beautiful hote\" \/>\n<meta property=\"og:url\" content=\"https:\/\/tourism.dinarholdinggroup.com\/tr\/contact-dinar-travel-and-tourism\/\" \/>\n<meta property=\"og:site_name\" content=\"Dinar Tourism\" \/>\n<meta property=\"article:publisher\" content=\"https:\/\/www.facebook.com\/profile.php?id=61586951653300\" \/>\n<meta property=\"article:modified_time\" content=\"2026-04-08T22:38:01+00:00\" \/>\n<meta property=\"og:image\" content=\"https:\/\/tourism.dinarholdinggroup.com\/wp-content\/uploads\/2026\/02\/pexels-photo-18897894-18897894-scaled.jpg\" \/>\n\t<meta property=\"og:image:width\" content=\"1808\" \/>\n\t<meta property=\"og:image:height\" content=\"2560\" \/>\n\t<meta property=\"og:image:type\" content=\"image\/jpeg\" \/>\n<meta name=\"twitter:card\" content=\"summary_large_image\" \/>\n<meta name=\"twitter:label1\" content=\"Tahmini okuma s\u00fcresi\" \/>\n\t<meta name=\"twitter:data1\" content=\"1 dakika\" \/>\n<script type=\"application\/ld+json\" class=\"yoast-schema-graph\">{\"@context\":\"https:\/\/schema.org\",\"@graph\":[{\"@type\":\"WebPage\",\"@id\":\"https:\/\/tourism.dinarholdinggroup.com\/contact-dinar-travel-and-tourism\/\",\"url\":\"https:\/\/tourism.dinarholdinggroup.com\/contact-dinar-travel-and-tourism\/\",\"name\":\"Contact Dinar Tourism realize the importance of tourist trips, so we\",\"isPartOf\":{\"@id\":\"https:\/\/tourism.dinarholdinggroup.com\/#website\"},\"primaryImageOfPage\":{\"@id\":\"https:\/\/tourism.dinarholdinggroup.com\/contact-dinar-travel-and-tourism\/#primaryimage\"},\"image\":{\"@id\":\"https:\/\/tourism.dinarholdinggroup.com\/contact-dinar-travel-and-tourism\/#primaryimage\"},\"thumbnailUrl\":\"https:\/\/tourism.dinarholdinggroup.com\/wp-content\/uploads\/2026\/02\/pexels-photo-18897894-18897894-212x300.jpg\",\"datePublished\":\"2026-02-23T05:15:24+00:00\",\"dateModified\":\"2026-04-08T22:38:01+00:00\",\"description\":\"at Dinar Tourism, you can have all the arrangements for your trip taking into account the smallest details in booking the most beautiful hote\",\"breadcrumb\":{\"@id\":\"https:\/\/tourism.dinarholdinggroup.com\/contact-dinar-travel-and-tourism\/#breadcrumb\"},\"inLanguage\":\"tr\",\"potentialAction\":[{\"@type\":\"ReadAction\",\"target\":[\"https:\/\/tourism.dinarholdinggroup.com\/contact-dinar-travel-and-tourism\/\"]}]},{\"@type\":\"ImageObject\",\"inLanguage\":\"tr\",\"@id\":\"https:\/\/tourism.dinarholdinggroup.com\/contact-dinar-travel-and-tourism\/#primaryimage\",\"url\":\"https:\/\/tourism.dinarholdinggroup.com\/wp-content\/uploads\/2026\/02\/pexels-photo-18897894-18897894-212x300.jpg\",\"contentUrl\":\"https:\/\/tourism.dinarholdinggroup.com\/wp-content\/uploads\/2026\/02\/pexels-photo-18897894-18897894-212x300.jpg\"},{\"@type\":\"BreadcrumbList\",\"@id\":\"https:\/\/tourism.dinarholdinggroup.com\/contact-dinar-travel-and-tourism\/#breadcrumb\",\"itemListElement\":[{\"@type\":\"ListItem\",\"position\":1,\"name\":\"Home\",\"item\":\"https:\/\/tourism.dinarholdinggroup.com\/\"},{\"@type\":\"ListItem\",\"position\":2,\"name\":\"Contact\"}]},{\"@type\":\"WebSite\",\"@id\":\"https:\/\/tourism.dinarholdinggroup.com\/#website\",\"url\":\"https:\/\/tourism.dinarholdinggroup.com\/\",\"name\":\"dinartourism\",\"description\":\"Dinar Tourism \u2014 we are dedicated to delivering unique and inspiring travel experiences rich in creativity and designed to last in memory. We strive to provide exceptional tourism services that combine professionalism with genuine dedication.\",\"publisher\":{\"@id\":\"https:\/\/tourism.dinarholdinggroup.com\/#organization\"},\"potentialAction\":[{\"@type\":\"SearchAction\",\"target\":{\"@type\":\"EntryPoint\",\"urlTemplate\":\"https:\/\/tourism.dinarholdinggroup.com\/?s={search_term_string}\"},\"query-input\":{\"@type\":\"PropertyValueSpecification\",\"valueRequired\":true,\"valueName\":\"search_term_string\"}}],\"inLanguage\":\"tr\"},{\"@type\":\"Organization\",\"@id\":\"https:\/\/tourism.dinarholdinggroup.com\/#organization\",\"name\":\"dinartourism\",\"url\":\"https:\/\/tourism.dinarholdinggroup.com\/\",\"logo\":{\"@type\":\"ImageObject\",\"inLanguage\":\"tr\",\"@id\":\"https:\/\/tourism.dinarholdinggroup.com\/#\/schema\/logo\/image\/\",\"url\":\"https:\/\/tourism.dinarholdinggroup.com\/wp-content\/uploads\/2026\/02\/cropped-cropped-cropped-cropped-cropped-cropped-Black-and-White-Modern-Personal-Brand-Logo-2-1.png\",\"contentUrl\":\"https:\/\/tourism.dinarholdinggroup.com\/wp-content\/uploads\/2026\/02\/cropped-cropped-cropped-cropped-cropped-cropped-Black-and-White-Modern-Personal-Brand-Logo-2-1.png\",\"width\":512,\"height\":512,\"caption\":\"dinartourism\"},\"image\":{\"@id\":\"https:\/\/tourism.dinarholdinggroup.com\/#\/schema\/logo\/image\/\"},\"sameAs\":[\"https:\/\/www.facebook.com\/profile.php?id=61586951653300\"]}]}<\/script>\n<!-- \/ Yoast SEO plugin. -->","yoast_head_json":{"title":"Contact Dinar Tourism realize the importance of tourist trips, so we","description":"at Dinar Tourism, you can have all the arrangements for your trip taking into account the smallest details in booking the most beautiful hote","robots":{"index":"index","follow":"follow","max-snippet":"max-snippet:-1","max-image-preview":"max-image-preview:large","max-video-preview":"max-video-preview:-1"},"canonical":"https:\/\/tourism.dinarholdinggroup.com\/tr\/contact-dinar-travel-and-tourism\/","og_locale":"tr_TR","og_type":"article","og_title":"Contact Dinar Tourism realize the importance of tourist trips, so we","og_description":"at Dinar Tourism, you can have all the arrangements for your trip taking into account the smallest details in booking the most beautiful hote","og_url":"https:\/\/tourism.dinarholdinggroup.com\/tr\/contact-dinar-travel-and-tourism\/","og_site_name":"Dinar Tourism","article_publisher":"https:\/\/www.facebook.com\/profile.php?id=61586951653300","article_modified_time":"2026-04-08T22:38:01+00:00","og_image":[{"width":1808,"height":2560,"url":"https:\/\/tourism.dinarholdinggroup.com\/wp-content\/uploads\/2026\/02\/pexels-photo-18897894-18897894-scaled.jpg","type":"image\/jpeg"}],"twitter_card":"summary_large_image","twitter_misc":{"Tahmini okuma s\u00fcresi":"1 dakika"},"schema":{"@context":"https:\/\/schema.org","@graph":[{"@type":"WebPage","@id":"https:\/\/tourism.dinarholdinggroup.com\/contact-dinar-travel-and-tourism\/","url":"https:\/\/tourism.dinarholdinggroup.com\/contact-dinar-travel-and-tourism\/","name":"Contact Dinar Tourism realize the importance of tourist trips, so we","isPartOf":{"@id":"https:\/\/tourism.dinarholdinggroup.com\/#website"},"primaryImageOfPage":{"@id":"https:\/\/tourism.dinarholdinggroup.com\/contact-dinar-travel-and-tourism\/#primaryimage"},"image":{"@id":"https:\/\/tourism.dinarholdinggroup.com\/contact-dinar-travel-and-tourism\/#primaryimage"},"thumbnailUrl":"https:\/\/tourism.dinarholdinggroup.com\/wp-content\/uploads\/2026\/02\/pexels-photo-18897894-18897894-212x300.jpg","datePublished":"2026-02-23T05:15:24+00:00","dateModified":"2026-04-08T22:38:01+00:00","description":"at Dinar Tourism, you can have all the arrangements for your trip taking into account the smallest details in booking the most beautiful hote","breadcrumb":{"@id":"https:\/\/tourism.dinarholdinggroup.com\/contact-dinar-travel-and-tourism\/#breadcrumb"},"inLanguage":"tr","potentialAction":[{"@type":"ReadAction","target":["https:\/\/tourism.dinarholdinggroup.com\/contact-dinar-travel-and-tourism\/"]}]},{"@type":"ImageObject","inLanguage":"tr","@id":"https:\/\/tourism.dinarholdinggroup.com\/contact-dinar-travel-and-tourism\/#primaryimage","url":"https:\/\/tourism.dinarholdinggroup.com\/wp-content\/uploads\/2026\/02\/pexels-photo-18897894-18897894-212x300.jpg","contentUrl":"https:\/\/tourism.dinarholdinggroup.com\/wp-content\/uploads\/2026\/02\/pexels-photo-18897894-18897894-212x300.jpg"},{"@type":"BreadcrumbList","@id":"https:\/\/tourism.dinarholdinggroup.com\/contact-dinar-travel-and-tourism\/#breadcrumb","itemListElement":[{"@type":"ListItem","position":1,"name":"Home","item":"https:\/\/tourism.dinarholdinggroup.com\/"},{"@type":"ListItem","position":2,"name":"Contact"}]},{"@type":"WebSite","@id":"https:\/\/tourism.dinarholdinggroup.com\/#website","url":"https:\/\/tourism.dinarholdinggroup.com\/","name":"dinartourism","description":"Dinar Tourism \u2014 we are dedicated to delivering unique and inspiring travel experiences rich in creativity and designed to last in memory. We strive to provide exceptional tourism services that combine professionalism with genuine dedication.","publisher":{"@id":"https:\/\/tourism.dinarholdinggroup.com\/#organization"},"potentialAction":[{"@type":"SearchAction","target":{"@type":"EntryPoint","urlTemplate":"https:\/\/tourism.dinarholdinggroup.com\/?s={search_term_string}"},"query-input":{"@type":"PropertyValueSpecification","valueRequired":true,"valueName":"search_term_string"}}],"inLanguage":"tr"},{"@type":"Organization","@id":"https:\/\/tourism.dinarholdinggroup.com\/#organization","name":"dinartourism","url":"https:\/\/tourism.dinarholdinggroup.com\/","logo":{"@type":"ImageObject","inLanguage":"tr","@id":"https:\/\/tourism.dinarholdinggroup.com\/#\/schema\/logo\/image\/","url":"https:\/\/tourism.dinarholdinggroup.com\/wp-content\/uploads\/2026\/02\/cropped-cropped-cropped-cropped-cropped-cropped-Black-and-White-Modern-Personal-Brand-Logo-2-1.png","contentUrl":"https:\/\/tourism.dinarholdinggroup.com\/wp-content\/uploads\/2026\/02\/cropped-cropped-cropped-cropped-cropped-cropped-Black-and-White-Modern-Personal-Brand-Logo-2-1.png","width":512,"height":512,"caption":"dinartourism"},"image":{"@id":"https:\/\/tourism.dinarholdinggroup.com\/#\/schema\/logo\/image\/"},"sameAs":["https:\/\/www.facebook.com\/profile.php?id=61586951653300"]}]}},"uagb_featured_image_src":{"full":false,"thumbnail":false,"medium":false,"medium_large":false,"large":false,"trip-thumb-size":false,"destination-thumb-size":false,"destination-thumb-trip-size":false,"activities-thumb-size":false,"trip-single-size":false,"1536x1536":false,"2048x2048":false,"trp-custom-language-flag":false,"kubio-fullhd":false},"uagb_author_info":{"display_name":"dinarhgroup@gmail.com","author_link":"https:\/\/tourism.dinarholdinggroup.com\/tr\/author\/dinarhgroupgmail-com\/"},"uagb_comment_info":0,"uagb_excerpt":null,"_links":{"self":[{"href":"https:\/\/tourism.dinarholdinggroup.com\/tr\/wp-json\/wp\/v2\/pages\/376","targetHints":{"allow":["GET"]}}],"collection":[{"href":"https:\/\/tourism.dinarholdinggroup.com\/tr\/wp-json\/wp\/v2\/pages"}],"about":[{"href":"https:\/\/tourism.dinarholdinggroup.com\/tr\/wp-json\/wp\/v2\/types\/page"}],"author":[{"embeddable":true,"href":"https:\/\/tourism.dinarholdinggroup.com\/tr\/wp-json\/wp\/v2\/users\/1"}],"replies":[{"embeddable":true,"href":"https:\/\/tourism.dinarholdinggroup.com\/tr\/wp-json\/wp\/v2\/comments?post=376"}],"version-history":[{"count":14,"href":"https:\/\/tourism.dinarholdinggroup.com\/tr\/wp-json\/wp\/v2\/pages\/376\/revisions"}],"predecessor-version":[{"id":6526,"href":"https:\/\/tourism.dinarholdinggroup.com\/tr\/wp-json\/wp\/v2\/pages\/376\/revisions\/6526"}],"wp:attachment":[{"href":"https:\/\/tourism.dinarholdinggroup.com\/tr\/wp-json\/wp\/v2\/media?parent=376"}],"curies":[{"name":"wp","href":"https:\/\/api.w.org\/{rel}","templated":true}]}}