{"id":6154,"date":"2026-03-01T01:27:35","date_gmt":"2026-03-01T01:27:35","guid":{"rendered":"https:\/\/tourism.dinarholdinggroup.com\/contact\/"},"modified":"2026-04-08T22:40:23","modified_gmt":"2026-04-08T22:40:23","slug":"contact-dinar-holding-group","status":"publish","type":"page","link":"https:\/\/tourism.dinarholdinggroup.com\/tr\/contact-dinar-holding-group\/","title":{"rendered":"Contact Dinar Tourism"},"content":{"rendered":"\n<figure class=\"wp-block-embed is-type-video is-provider-youtube wp-block-embed-youtube wp-embed-aspect-16-9 wp-has-aspect-ratio\"><div class=\"wp-block-embed__wrapper\">\n<iframe loading=\"lazy\" title=\"\u0645\u062c\u0645\u0648\u0639\u0629 \u062f\u064a\u0646\u0627\u0631 \u0627\u0644\u0642\u0627\u0628\u0636\u0629 \ud83c\uddf9\ud83c\uddf7 DINAR HOLDING GROUP \" width=\"500\" height=\"281\" src=\"https:\/\/www.youtube.com\/embed\/J1V-ZkffVfo?feature=oembed\" frameborder=\"0\" allow=\"accelerometer; autoplay; clipboard-write; encrypted-media; gyroscope; picture-in-picture; web-share\" referrerpolicy=\"strict-origin-when-cross-origin\" allowfullscreen><\/iframe>\n<\/div><\/figure>\n\n\n<div data-spectra-id=\"spectra-bcf4f00a-d4d3-424e-9463-46369ffc27e8\" class=\"spectra-google-map wp-block-spectra-google-map\">\n\t<embed\n\t\tclass=\"spectra-google-map__iframe\"\n\t\ttitle=\"Google Map for  \u00c7UKUR MAH. TARLABA\u015eI BLV. NO: 150 -170 \u0130\u00c7 KAPI NO: 53 BEYO\u011eLU\/ \u0130STANBUL\"\n\t\tsrc=\"https:\/\/maps.google.com\/maps?q=+%C3%87UKUR+MAH.+TARLABA%C5%9EI+BLV.+NO%3A+150+-170+%C4%B0%C3%87+KAPI+NO%3A+53+BEYO%C4%9ELU%2F+%C4%B0STANBUL&#038;z=18&#038;hl=en&#038;t=m&#038;output=embed&#038;iwloc=near\"\n\t\twidth=\"100%\"\n\t\theight=\"100%\"\n\t\tstyle=\"border: 0;\"\n\t\tallowfullscreen=\"\"\n\t\tloading=\"lazy\"\n\t\treferrerpolicy=\"no-referrer-when-downgrade\"\n\t><\/embed>\n<\/div>\n\n\n\n<div class=\"wp-block-group alignwide\" style=\"margin-top:var(--wp--preset--spacing--80);margin-bottom:var(--wp--preset--spacing--80);padding-right:15px;padding-left:15px\"><div class=\"wp-block-group__inner-container is-layout-constrained wp-container-core-group-is-layout-87d09c61 wp-block-group-is-layout-constrained\">\n<div class=\"wp-block-columns alignwide is-layout-flex wp-container-core-columns-is-layout-9c22b1e3 wp-block-columns-is-layout-flex\">\n<div class=\"wp-block-column is-layout-flow wp-container-core-column-is-layout-8a368f38 wp-block-column-is-layout-flow\" style=\"flex-basis:40%\">\n<h2 class=\"wp-block-heading has-large-font-size\" style=\"margin-bottom:24px;font-style:normal;font-weight:300\">Get In Touch<\/h2>\n\n\n\n<div class=\"wp-block-group\"><div class=\"wp-block-group__inner-container is-layout-constrained wp-container-core-group-is-layout-d8832133 wp-block-group-is-layout-constrained\">\n<div class=\"wp-block-group is-nowrap is-layout-flex wp-container-core-group-is-layout-bd657856 wp-block-group-is-layout-flex\">\n<figure data-spectra-id=\"spectra-mnqlo3ui-n5571y\" class=\"wp-block-image size-full is-resized\"><img decoding=\"async\" src=\"https:\/\/fsedemo.com\/pattern-engine\/wp-content\/uploads\/sites\/5\/2024\/05\/call.png\" alt=\"Call\" class=\"wp-image-6203\" title=\"Contact Dinar Tourism\"><\/figure>\n\n\n\n<div class=\"wp-block-group\"><div class=\"wp-block-group__inner-container is-layout-constrained wp-container-core-group-is-layout-f5dbca08 wp-block-group-is-layout-constrained\">\n<h4 class=\"wp-block-heading has-medium-font-size\" style=\"font-style:normal;font-weight:300\">Office<\/h4>\n\n\n\n<p> \u00c7UKUR MAH. TARLABA\u015eI BLV. NO: 150 -170 \u0130\u00c7 KAPI NO: 53<br>BEYO\u011eLU\/ \u0130STANBUL<\/p>\n<\/div><\/div>\n<\/div>\n\n\n\n<div class=\"wp-block-group is-nowrap is-layout-flex wp-container-core-group-is-layout-bd657856 wp-block-group-is-layout-flex\">\n<figure data-spectra-id=\"spectra-mnqlo3ux-s4c6mu\" class=\"wp-block-image size-full is-resized\"><img decoding=\"async\" src=\"https:\/\/fsedemo.com\/pattern-engine\/wp-content\/uploads\/sites\/5\/2024\/05\/mail.png\" alt=\"Mail\" class=\"wp-image-6205\" title=\"Contact Dinar Tourism\"><\/figure>\n\n\n\n<div class=\"wp-block-group\"><div class=\"wp-block-group__inner-container is-layout-constrained wp-container-core-group-is-layout-f5dbca08 wp-block-group-is-layout-constrained\">\n<h4 class=\"wp-block-heading has-medium-font-size\" style=\"font-style:normal;font-weight:300\">Email<\/h4>\n\n\n\n<p>a.mahran@tourism.dinarholdinggroup.com<\/p>\n<\/div><\/div>\n<\/div>\n\n\n\n<div class=\"wp-block-group is-nowrap is-layout-flex wp-container-core-group-is-layout-bd657856 wp-block-group-is-layout-flex\">\n<figure data-spectra-id=\"spectra-mnqlo3vj-liat41\" class=\"wp-block-image size-full is-resized\"><img decoding=\"async\" src=\"https:\/\/fsedemo.com\/pattern-engine\/wp-content\/uploads\/sites\/5\/2024\/05\/contact.png\" alt=\"Contact\" class=\"wp-image-6204\" title=\"Contact Dinar Tourism\"><\/figure>\n\n\n\n<div class=\"wp-block-group\"><div class=\"wp-block-group__inner-container is-layout-constrained wp-container-core-group-is-layout-f5dbca08 wp-block-group-is-layout-constrained\">\n<h4 class=\"wp-block-heading has-medium-font-size\" style=\"font-style:normal;font-weight:300\">Contact<\/h4>\n\n\n\n<p>+9054 9671 6660<\/p>\n<\/div><\/div>\n<\/div>\n<\/div><\/div>\n\n\n\n<div style=\"height:135px\" aria-hidden=\"true\" class=\"wp-block-spacer is-style-has-mb-50\"><\/div>\n\n\n\n<div class=\"wp-block-group\"><div class=\"wp-block-group__inner-container is-layout-constrained wp-block-group-is-layout-constrained\">\n<h3 class=\"wp-block-heading has-large-font-size\" style=\"font-style:normal;font-weight:300\">Lets Get Connected<\/h3>\n\n\n\n<ul class=\"wp-block-social-links is-style-default is-layout-flex wp-container-core-social-links-is-layout-1e06dd94 wp-block-social-links-is-layout-flex\"><li class=\"wp-social-link wp-social-link-facebook  wp-block-social-link\"><a href=\"https:\/\/www.facebook.com\/dinartourism?locale=ar_AR\" class=\"wp-block-social-link-anchor\"><svg width=\"24\" height=\"24\" viewBox=\"0 0 24 24\" version=\"1.1\" xmlns=\"http:\/\/www.w3.org\/2000\/svg\" aria-hidden=\"true\" focusable=\"false\"><path d=\"M12 2C6.5 2 2 6.5 2 12c0 5 3.7 9.1 8.4 9.9v-7H7.9V12h2.5V9.8c0-2.5 1.5-3.9 3.8-3.9 1.1 0 2.2.2 2.2.2v2.5h-1.3c-1.2 0-1.6.8-1.6 1.6V12h2.8l-.4 2.9h-2.3v7C18.3 21.1 22 17 22 12c0-5.5-4.5-10-10-10z\"><\/path><\/svg><span class=\"wp-block-social-link-label screen-reader-text\">Facebook<\/span><\/a><\/li>\n\n<li class=\"wp-social-link wp-social-link-x  wp-block-social-link\"><a href=\"https:\/\/x.com\/DinarTourism\" class=\"wp-block-social-link-anchor\"><svg width=\"24\" height=\"24\" viewBox=\"0 0 24 24\" version=\"1.1\" xmlns=\"http:\/\/www.w3.org\/2000\/svg\" aria-hidden=\"true\" focusable=\"false\"><path d=\"M13.982 10.622 20.54 3h-1.554l-5.693 6.618L8.745 3H3.5l6.876 10.007L3.5 21h1.554l6.012-6.989L15.868 21h5.245l-7.131-10.378Zm-2.128 2.474-.697-.997-5.543-7.93H8l4.474 6.4.697.996 5.815 8.318h-2.387l-4.745-6.787Z\" \/><\/svg><span class=\"wp-block-social-link-label screen-reader-text\">X<\/span><\/a><\/li>\n\n<li class=\"wp-social-link wp-social-link-youtube  wp-block-social-link\"><a href=\"https:\/\/www.youtube.com\/@dinarmedia-j1k\" class=\"wp-block-social-link-anchor\"><svg width=\"24\" height=\"24\" viewBox=\"0 0 24 24\" version=\"1.1\" xmlns=\"http:\/\/www.w3.org\/2000\/svg\" aria-hidden=\"true\" focusable=\"false\"><path d=\"M21.8,8.001c0,0-0.195-1.378-0.795-1.985c-0.76-0.797-1.613-0.801-2.004-0.847c-2.799-0.202-6.997-0.202-6.997-0.202 h-0.009c0,0-4.198,0-6.997,0.202C4.608,5.216,3.756,5.22,2.995,6.016C2.395,6.623,2.2,8.001,2.2,8.001S2,9.62,2,11.238v1.517 c0,1.618,0.2,3.237,0.2,3.237s0.195,1.378,0.795,1.985c0.761,0.797,1.76,0.771,2.205,0.855c1.6,0.153,6.8,0.201,6.8,0.201 s4.203-0.006,7.001-0.209c0.391-0.047,1.243-0.051,2.004-0.847c0.6-0.607,0.795-1.985,0.795-1.985s0.2-1.618,0.2-3.237v-1.517 C22,9.62,21.8,8.001,21.8,8.001z M9.935,14.594l-0.001-5.62l5.404,2.82L9.935,14.594z\"><\/path><\/svg><span class=\"wp-block-social-link-label screen-reader-text\">YouTube<\/span><\/a><\/li>\n\n<li class=\"wp-social-link wp-social-link-instagram  wp-block-social-link\"><a href=\"https:\/\/www.instagram.com\/dinartourism\/\" class=\"wp-block-social-link-anchor\"><svg width=\"24\" height=\"24\" viewBox=\"0 0 24 24\" version=\"1.1\" xmlns=\"http:\/\/www.w3.org\/2000\/svg\" aria-hidden=\"true\" focusable=\"false\"><path d=\"M12,4.622c2.403,0,2.688,0.009,3.637,0.052c0.877,0.04,1.354,0.187,1.671,0.31c0.42,0.163,0.72,0.358,1.035,0.673 c0.315,0.315,0.51,0.615,0.673,1.035c0.123,0.317,0.27,0.794,0.31,1.671c0.043,0.949,0.052,1.234,0.052,3.637 s-0.009,2.688-0.052,3.637c-0.04,0.877-0.187,1.354-0.31,1.671c-0.163,0.42-0.358,0.72-0.673,1.035 c-0.315,0.315-0.615,0.51-1.035,0.673c-0.317,0.123-0.794,0.27-1.671,0.31c-0.949,0.043-1.233,0.052-3.637,0.052 s-2.688-0.009-3.637-0.052c-0.877-0.04-1.354-0.187-1.671-0.31c-0.42-0.163-0.72-0.358-1.035-0.673 c-0.315-0.315-0.51-0.615-0.673-1.035c-0.123-0.317-0.27-0.794-0.31-1.671C4.631,14.688,4.622,14.403,4.622,12 s0.009-2.688,0.052-3.637c0.04-0.877,0.187-1.354,0.31-1.671c0.163-0.42,0.358-0.72,0.673-1.035 c0.315-0.315,0.615-0.51,1.035-0.673c0.317-0.123,0.794-0.27,1.671-0.31C9.312,4.631,9.597,4.622,12,4.622 M12,3 C9.556,3,9.249,3.01,8.289,3.054C7.331,3.098,6.677,3.25,6.105,3.472C5.513,3.702,5.011,4.01,4.511,4.511 c-0.5,0.5-0.808,1.002-1.038,1.594C3.25,6.677,3.098,7.331,3.054,8.289C3.01,9.249,3,9.556,3,12c0,2.444,0.01,2.751,0.054,3.711 c0.044,0.958,0.196,1.612,0.418,2.185c0.23,0.592,0.538,1.094,1.038,1.594c0.5,0.5,1.002,0.808,1.594,1.038 c0.572,0.222,1.227,0.375,2.185,0.418C9.249,20.99,9.556,21,12,21s2.751-0.01,3.711-0.054c0.958-0.044,1.612-0.196,2.185-0.418 c0.592-0.23,1.094-0.538,1.594-1.038c0.5-0.5,0.808-1.002,1.038-1.594c0.222-0.572,0.375-1.227,0.418-2.185 C20.99,14.751,21,14.444,21,12s-0.01-2.751-0.054-3.711c-0.044-0.958-0.196-1.612-0.418-2.185c-0.23-0.592-0.538-1.094-1.038-1.594 c-0.5-0.5-1.002-0.808-1.594-1.038c-0.572-0.222-1.227-0.375-2.185-0.418C14.751,3.01,14.444,3,12,3L12,3z M12,7.378 c-2.552,0-4.622,2.069-4.622,4.622S9.448,16.622,12,16.622s4.622-2.069,4.622-4.622S14.552,7.378,12,7.378z M12,15 c-1.657,0-3-1.343-3-3s1.343-3,3-3s3,1.343,3,3S13.657,15,12,15z M16.804,6.116c-0.596,0-1.08,0.484-1.08,1.08 s0.484,1.08,1.08,1.08c0.596,0,1.08-0.484,1.08-1.08S17.401,6.116,16.804,6.116z\"><\/path><\/svg><span class=\"wp-block-social-link-label screen-reader-text\">Instagram<\/span><\/a><\/li><\/ul>\n<\/div><\/div>\n<\/div>\n\n\n\n<div class=\"wp-block-column is-vertically-aligned-center is-layout-flow wp-block-column-is-layout-flow\"><div class=\"everest-forms\"><\/div><\/div>\n<\/div>\n<\/div><\/div>\n\n\n<div class=\"everest-forms\"><div class=\"evf-container default\" id=\"evf-4038\"><form id=\"evf-form-4038\" class=\"everest-form\" data-formid=\"4038\" data-ajax_submission=\"0\" data-keyboard_friendly_form=\"0\" data-form_state_type=\"\" method=\"post\" enctype=\"multipart\/form-data\" action=\"\/tr\/wp-json\/wp\/v2\/pages\/6154\"><div class=\"evf-field-container\"><input type=\"hidden\" id=\"_wpnonce4038\" name=\"_wpnonce4038\" value=\"0b9fefc20a\" \/><input type=\"hidden\" name=\"_wp_http_referer\" value=\"\/tr\/wp-json\/wp\/v2\/pages\/6154\" \/><div class=\"evf-frontend-row\" data-row=\"row_1\" conditional_rules=\"[]\"><div class=\"evf-frontend-grid evf-grid-1\" data-grid=\"grid_1\"><div id=\"evf-4038-field_fullname-container\" class=\"evf-field evf-field-text form-row validate-required\" data-required-field-message=\"This field is required.\" data-field-id=\"fullname\"><label class=\"evf-field-label\" for=\"evf-4038-field_fullname\"><span class=\"evf-label\">Name<\/span> <abbr class=\"required\" title=\"Required\">*<\/abbr><\/label><input type=\"text\" id=\"evf-4038-field_fullname\" class=\"input-text\" name=\"everest_forms[form_fields][fullname]\" required><\/div><div id=\"evf-4038-field_email-container\" class=\"evf-field evf-field-email form-row validate-required validate-email\" data-required-field-message=\"Please enter a valid email address.\" data-field-id=\"email\"><label class=\"evf-field-label\" for=\"evf-4038-field_email\"><span class=\"evf-label\">Email<\/span> <abbr class=\"required\" title=\"Required\">*<\/abbr><\/label><input type=\"email\" id=\"evf-4038-field_email\" class=\"input-text\" name=\"everest_forms[form_fields][email]\" required ><\/div><div id=\"evf-4038-field_subject-container\" class=\"evf-field evf-field-text form-row validate-required\" data-required-field-message=\"This field is required.\" data-field-id=\"subject\"><label class=\"evf-field-label\" for=\"evf-4038-field_subject\"><span class=\"evf-label\">Subject<\/span> <abbr class=\"required\" title=\"Required\">*<\/abbr><\/label><input type=\"text\" id=\"evf-4038-field_subject\" class=\"input-text\" name=\"everest_forms[form_fields][subject]\" required><\/div><div id=\"evf-4038-field_message-container\" class=\"evf-field evf-field-textarea form-row\" data-field-id=\"message\"><label class=\"evf-field-label\" for=\"evf-4038-field_message\"><span class=\"evf-label\">Message<\/span> <\/label><textarea id=\"evf-4038-field_message\" class=\"input-text\" name=\"everest_forms[form_fields][message]\"  ><\/textarea><\/div><\/div><\/div><\/div><div class=\"evf-honeypot-container evf-field-hp\"><label for=\"evf-4038-field-hp\" class=\"evf-field-label\">Website<\/label><input type=\"text\" name=\"everest_forms[hp]\" id=\"evf-4038-field-hp\" class=\"input-text\"><\/div><div class=\"evf-submit-container \" ><input type=\"hidden\" name=\"everest_forms[id]\" value=\"4038\"><input type=\"hidden\" name=\"everest_forms[author]\" value=\"1\"><button type='submit' name='everest_forms[submit]' class='everest-forms-submit-button button evf-submit ' id='evf-submit-4038' value='evf-submit' data-process-text=\"Processing&hellip;\" conditional_rules='&quot;&quot;' conditional_id='evf-submit-4038'  id=\"evf-submit-4038\" aria-live=\"assertive\">Submit<\/button><\/div><\/form><\/div><!-- .evf-container --><\/div>","protected":false},"excerpt":{"rendered":"<p>Get In Touch Office \u00c7UKUR MAH. TARLABA\u015eI BLV. NO: 150 -170 \u0130\u00c7 KAPI NO: 53BEYO\u011eLU\/ \u0130STANBUL Email a.mahran@tourism.dinarholdinggroup.com Contact +9054 9671 6660 Lets Get Connected<\/p>","protected":false},"author":1,"featured_media":0,"parent":0,"menu_order":0,"comment_status":"closed","ping_status":"closed","template":"","meta":{"saved_in_kubio":true,"_uag_custom_page_level_css":"","_monsterinsights_skip_tracking":false,"_monsterinsights_sitenote_active":false,"_monsterinsights_sitenote_note":"","_monsterinsights_sitenote_category":0,"_uf_show_specific_survey":0,"_uf_disable_surveys":false,"_joinchat":[],"footnotes":""},"class_list":["post-6154","page","type-page","status-publish","hentry"],"aioseo_notices":[],"kubio_ai_page_context":{"short_desc":"","purpose":"general"},"yoast_head":"<!-- This site is optimized with the Yoast SEO plugin v27.0 - https:\/\/yoast.com\/product\/yoast-seo-wordpress\/ -->\n<title>Contact Dinar Tourism - Dinar Tourism Enjoy a comfortable and enjoyable trip in modern vehicles<\/title>\n<meta name=\"description\" content=\"Enjoy a comfortable and enjoyable trip in modern vehicles with a carefully planned program by Dinar Tourism. Taste delicious Turkish food and\" \/>\n<meta name=\"robots\" content=\"index, follow, max-snippet:-1, max-image-preview:large, max-video-preview:-1\" \/>\n<link rel=\"canonical\" href=\"https:\/\/tourism.dinarholdinggroup.com\/tr\/contact-dinar-holding-group\/\" \/>\n<meta property=\"og:locale\" content=\"tr_TR\" \/>\n<meta property=\"og:type\" content=\"article\" \/>\n<meta property=\"og:title\" content=\"Contact Dinar Tourism - Dinar Tourism Enjoy a comfortable and enjoyable trip in modern vehicles\" \/>\n<meta property=\"og:description\" content=\"Enjoy a comfortable and enjoyable trip in modern vehicles with a carefully planned program by Dinar Tourism. Taste delicious Turkish food and\" \/>\n<meta property=\"og:url\" content=\"https:\/\/tourism.dinarholdinggroup.com\/tr\/contact-dinar-holding-group\/\" \/>\n<meta property=\"og:site_name\" content=\"Dinar Tourism\" \/>\n<meta property=\"article:publisher\" content=\"https:\/\/www.facebook.com\/profile.php?id=61586951653300\" \/>\n<meta property=\"article:modified_time\" content=\"2026-04-08T22:40:23+00:00\" \/>\n<meta name=\"twitter:card\" content=\"summary_large_image\" \/>\n<meta name=\"twitter:label1\" content=\"Tahmini okuma s\u00fcresi\" \/>\n\t<meta name=\"twitter:data1\" content=\"1 dakika\" \/>\n<script type=\"application\/ld+json\" class=\"yoast-schema-graph\">{\"@context\":\"https:\/\/schema.org\",\"@graph\":[{\"@type\":\"WebPage\",\"@id\":\"https:\/\/tourism.dinarholdinggroup.com\/contact-dinar-holding-group\/\",\"url\":\"https:\/\/tourism.dinarholdinggroup.com\/contact-dinar-holding-group\/\",\"name\":\"Contact Dinar Tourism - Dinar Tourism Enjoy a comfortable and enjoyable trip in modern vehicles\",\"isPartOf\":{\"@id\":\"https:\/\/tourism.dinarholdinggroup.com\/#website\"},\"primaryImageOfPage\":{\"@id\":\"https:\/\/tourism.dinarholdinggroup.com\/contact-dinar-holding-group\/#primaryimage\"},\"image\":{\"@id\":\"https:\/\/tourism.dinarholdinggroup.com\/contact-dinar-holding-group\/#primaryimage\"},\"thumbnailUrl\":\"https:\/\/fsedemo.com\/pattern-engine\/wp-content\/uploads\/sites\/5\/2024\/05\/call.png\",\"datePublished\":\"2026-03-01T01:27:35+00:00\",\"dateModified\":\"2026-04-08T22:40:23+00:00\",\"description\":\"Enjoy a comfortable and enjoyable trip in modern vehicles with a carefully planned program by Dinar Tourism. Taste delicious Turkish food and\",\"breadcrumb\":{\"@id\":\"https:\/\/tourism.dinarholdinggroup.com\/contact-dinar-holding-group\/#breadcrumb\"},\"inLanguage\":\"tr\",\"potentialAction\":[{\"@type\":\"ReadAction\",\"target\":[\"https:\/\/tourism.dinarholdinggroup.com\/contact-dinar-holding-group\/\"]}]},{\"@type\":\"ImageObject\",\"inLanguage\":\"tr\",\"@id\":\"https:\/\/tourism.dinarholdinggroup.com\/contact-dinar-holding-group\/#primaryimage\",\"url\":\"https:\/\/fsedemo.com\/pattern-engine\/wp-content\/uploads\/sites\/5\/2024\/05\/call.png\",\"contentUrl\":\"https:\/\/fsedemo.com\/pattern-engine\/wp-content\/uploads\/sites\/5\/2024\/05\/call.png\"},{\"@type\":\"BreadcrumbList\",\"@id\":\"https:\/\/tourism.dinarholdinggroup.com\/contact-dinar-holding-group\/#breadcrumb\",\"itemListElement\":[{\"@type\":\"ListItem\",\"position\":1,\"name\":\"Home\",\"item\":\"https:\/\/tourism.dinarholdinggroup.com\/\"},{\"@type\":\"ListItem\",\"position\":2,\"name\":\"Contact Dinar Tourism\"}]},{\"@type\":\"WebSite\",\"@id\":\"https:\/\/tourism.dinarholdinggroup.com\/#website\",\"url\":\"https:\/\/tourism.dinarholdinggroup.com\/\",\"name\":\"dinartourism\",\"description\":\"Dinar Tourism \u2014 we are dedicated to delivering unique and inspiring travel experiences rich in creativity and designed to last in memory. We strive to provide exceptional tourism services that combine professionalism with genuine dedication.\",\"publisher\":{\"@id\":\"https:\/\/tourism.dinarholdinggroup.com\/#organization\"},\"potentialAction\":[{\"@type\":\"SearchAction\",\"target\":{\"@type\":\"EntryPoint\",\"urlTemplate\":\"https:\/\/tourism.dinarholdinggroup.com\/?s={search_term_string}\"},\"query-input\":{\"@type\":\"PropertyValueSpecification\",\"valueRequired\":true,\"valueName\":\"search_term_string\"}}],\"inLanguage\":\"tr\"},{\"@type\":\"Organization\",\"@id\":\"https:\/\/tourism.dinarholdinggroup.com\/#organization\",\"name\":\"dinartourism\",\"url\":\"https:\/\/tourism.dinarholdinggroup.com\/\",\"logo\":{\"@type\":\"ImageObject\",\"inLanguage\":\"tr\",\"@id\":\"https:\/\/tourism.dinarholdinggroup.com\/#\/schema\/logo\/image\/\",\"url\":\"https:\/\/tourism.dinarholdinggroup.com\/wp-content\/uploads\/2026\/02\/cropped-cropped-cropped-cropped-cropped-cropped-Black-and-White-Modern-Personal-Brand-Logo-2-1.png\",\"contentUrl\":\"https:\/\/tourism.dinarholdinggroup.com\/wp-content\/uploads\/2026\/02\/cropped-cropped-cropped-cropped-cropped-cropped-Black-and-White-Modern-Personal-Brand-Logo-2-1.png\",\"width\":512,\"height\":512,\"caption\":\"dinartourism\"},\"image\":{\"@id\":\"https:\/\/tourism.dinarholdinggroup.com\/#\/schema\/logo\/image\/\"},\"sameAs\":[\"https:\/\/www.facebook.com\/profile.php?id=61586951653300\"]}]}<\/script>\n<!-- \/ Yoast SEO plugin. -->","yoast_head_json":{"title":"Contact Dinar Tourism - Dinar Tourism Enjoy a comfortable and enjoyable trip in modern vehicles","description":"Enjoy a comfortable and enjoyable trip in modern vehicles with a carefully planned program by Dinar Tourism. Taste delicious Turkish food and","robots":{"index":"index","follow":"follow","max-snippet":"max-snippet:-1","max-image-preview":"max-image-preview:large","max-video-preview":"max-video-preview:-1"},"canonical":"https:\/\/tourism.dinarholdinggroup.com\/tr\/contact-dinar-holding-group\/","og_locale":"tr_TR","og_type":"article","og_title":"Contact Dinar Tourism - Dinar Tourism Enjoy a comfortable and enjoyable trip in modern vehicles","og_description":"Enjoy a comfortable and enjoyable trip in modern vehicles with a carefully planned program by Dinar Tourism. Taste delicious Turkish food and","og_url":"https:\/\/tourism.dinarholdinggroup.com\/tr\/contact-dinar-holding-group\/","og_site_name":"Dinar Tourism","article_publisher":"https:\/\/www.facebook.com\/profile.php?id=61586951653300","article_modified_time":"2026-04-08T22:40:23+00:00","twitter_card":"summary_large_image","twitter_misc":{"Tahmini okuma s\u00fcresi":"1 dakika"},"schema":{"@context":"https:\/\/schema.org","@graph":[{"@type":"WebPage","@id":"https:\/\/tourism.dinarholdinggroup.com\/contact-dinar-holding-group\/","url":"https:\/\/tourism.dinarholdinggroup.com\/contact-dinar-holding-group\/","name":"Contact Dinar Tourism - Dinar Tourism Enjoy a comfortable and enjoyable trip in modern vehicles","isPartOf":{"@id":"https:\/\/tourism.dinarholdinggroup.com\/#website"},"primaryImageOfPage":{"@id":"https:\/\/tourism.dinarholdinggroup.com\/contact-dinar-holding-group\/#primaryimage"},"image":{"@id":"https:\/\/tourism.dinarholdinggroup.com\/contact-dinar-holding-group\/#primaryimage"},"thumbnailUrl":"https:\/\/fsedemo.com\/pattern-engine\/wp-content\/uploads\/sites\/5\/2024\/05\/call.png","datePublished":"2026-03-01T01:27:35+00:00","dateModified":"2026-04-08T22:40:23+00:00","description":"Enjoy a comfortable and enjoyable trip in modern vehicles with a carefully planned program by Dinar Tourism. Taste delicious Turkish food and","breadcrumb":{"@id":"https:\/\/tourism.dinarholdinggroup.com\/contact-dinar-holding-group\/#breadcrumb"},"inLanguage":"tr","potentialAction":[{"@type":"ReadAction","target":["https:\/\/tourism.dinarholdinggroup.com\/contact-dinar-holding-group\/"]}]},{"@type":"ImageObject","inLanguage":"tr","@id":"https:\/\/tourism.dinarholdinggroup.com\/contact-dinar-holding-group\/#primaryimage","url":"https:\/\/fsedemo.com\/pattern-engine\/wp-content\/uploads\/sites\/5\/2024\/05\/call.png","contentUrl":"https:\/\/fsedemo.com\/pattern-engine\/wp-content\/uploads\/sites\/5\/2024\/05\/call.png"},{"@type":"BreadcrumbList","@id":"https:\/\/tourism.dinarholdinggroup.com\/contact-dinar-holding-group\/#breadcrumb","itemListElement":[{"@type":"ListItem","position":1,"name":"Home","item":"https:\/\/tourism.dinarholdinggroup.com\/"},{"@type":"ListItem","position":2,"name":"Contact Dinar Tourism"}]},{"@type":"WebSite","@id":"https:\/\/tourism.dinarholdinggroup.com\/#website","url":"https:\/\/tourism.dinarholdinggroup.com\/","name":"dinartourism","description":"Dinar Tourism \u2014 we are dedicated to delivering unique and inspiring travel experiences rich in creativity and designed to last in memory. We strive to provide exceptional tourism services that combine professionalism with genuine dedication.","publisher":{"@id":"https:\/\/tourism.dinarholdinggroup.com\/#organization"},"potentialAction":[{"@type":"SearchAction","target":{"@type":"EntryPoint","urlTemplate":"https:\/\/tourism.dinarholdinggroup.com\/?s={search_term_string}"},"query-input":{"@type":"PropertyValueSpecification","valueRequired":true,"valueName":"search_term_string"}}],"inLanguage":"tr"},{"@type":"Organization","@id":"https:\/\/tourism.dinarholdinggroup.com\/#organization","name":"dinartourism","url":"https:\/\/tourism.dinarholdinggroup.com\/","logo":{"@type":"ImageObject","inLanguage":"tr","@id":"https:\/\/tourism.dinarholdinggroup.com\/#\/schema\/logo\/image\/","url":"https:\/\/tourism.dinarholdinggroup.com\/wp-content\/uploads\/2026\/02\/cropped-cropped-cropped-cropped-cropped-cropped-Black-and-White-Modern-Personal-Brand-Logo-2-1.png","contentUrl":"https:\/\/tourism.dinarholdinggroup.com\/wp-content\/uploads\/2026\/02\/cropped-cropped-cropped-cropped-cropped-cropped-Black-and-White-Modern-Personal-Brand-Logo-2-1.png","width":512,"height":512,"caption":"dinartourism"},"image":{"@id":"https:\/\/tourism.dinarholdinggroup.com\/#\/schema\/logo\/image\/"},"sameAs":["https:\/\/www.facebook.com\/profile.php?id=61586951653300"]}]}},"uagb_featured_image_src":{"full":false,"thumbnail":false,"medium":false,"medium_large":false,"large":false,"trip-thumb-size":false,"destination-thumb-size":false,"destination-thumb-trip-size":false,"activities-thumb-size":false,"trip-single-size":false,"1536x1536":false,"2048x2048":false,"trp-custom-language-flag":false,"kubio-fullhd":false},"uagb_author_info":{"display_name":"dinarhgroup@gmail.com","author_link":"https:\/\/tourism.dinarholdinggroup.com\/tr\/author\/dinarhgroupgmail-com\/"},"uagb_comment_info":0,"uagb_excerpt":"Get In Touch Office \u00c7UKUR MAH. TARLABA\u015eI BLV. NO: 150 -170 \u0130\u00c7 KAPI NO: 53BEYO\u011eLU\/ \u0130STANBUL Email a.mahran@tourism.dinarholdinggroup.com Contact +9054 9671 6660 Lets Get Connected","_links":{"self":[{"href":"https:\/\/tourism.dinarholdinggroup.com\/tr\/wp-json\/wp\/v2\/pages\/6154","targetHints":{"allow":["GET"]}}],"collection":[{"href":"https:\/\/tourism.dinarholdinggroup.com\/tr\/wp-json\/wp\/v2\/pages"}],"about":[{"href":"https:\/\/tourism.dinarholdinggroup.com\/tr\/wp-json\/wp\/v2\/types\/page"}],"author":[{"embeddable":true,"href":"https:\/\/tourism.dinarholdinggroup.com\/tr\/wp-json\/wp\/v2\/users\/1"}],"replies":[{"embeddable":true,"href":"https:\/\/tourism.dinarholdinggroup.com\/tr\/wp-json\/wp\/v2\/comments?post=6154"}],"version-history":[{"count":7,"href":"https:\/\/tourism.dinarholdinggroup.com\/tr\/wp-json\/wp\/v2\/pages\/6154\/revisions"}],"predecessor-version":[{"id":6528,"href":"https:\/\/tourism.dinarholdinggroup.com\/tr\/wp-json\/wp\/v2\/pages\/6154\/revisions\/6528"}],"wp:attachment":[{"href":"https:\/\/tourism.dinarholdinggroup.com\/tr\/wp-json\/wp\/v2\/media?parent=6154"}],"curies":[{"name":"wp","href":"https:\/\/api.w.org\/{rel}","templated":true}]}}